{"id":1179,"date":"2017-06-15T08:12:10","date_gmt":"2017-06-15T08:12:10","guid":{"rendered":"http:\/\/www.angustia.ro\/leader\/?page_id=1179\/"},"modified":"2026-03-05T12:36:43","modified_gmt":"2026-03-05T12:36:43","slug":"palyazati-naptar","status":"publish","type":"page","link":"https:\/\/www.angustia.ro\/leader\/palyazati-naptar\/","title":{"rendered":"P\u00e1ly\u00e1zati napt\u00e1r"},"content":{"rendered":"<p>Aktu\u00e1lis<\/p>\n<p><a href=\"https:\/\/www.angustia.ro\/leader\/wp-content\/uploads\/2026\/03\/Calendar-estimativ-de-lansare-a-sesiunilor-2026-1.pdf\">Calendar estimativ de lansare a sesiunilor 2026 &#8211; modificat<\/a><\/p>\n<p><a href=\"https:\/\/www.angustia.ro\/leader\/wp-content\/uploads\/2025\/12\/Calendar-estimativ-de-lansare-a-sesiunilor-2026.pdf\" target=\"_blank\" rel=\"noopener\">Calendar estimativ de lansare a sesiunilor &#8211; 2026<\/a><\/p>\n<p><a href=\"https:\/\/www.angustia.ro\/leader\/wp-content\/uploads\/2025\/06\/Calendar-estimativ-de-lansare-a-sesiunilor-actualizat-1.pdf\" target=\"_blank\" rel=\"noopener\">Calendar estimativ de lansare a sesiunilor &#8211; actualizat<\/a><\/p>\n<p><a href=\"https:\/\/www.angustia.ro\/leader\/wp-content\/uploads\/2025\/03\/Calendar-estimativ-de-lansare-a-sesiunilor-1.pdf\" target=\"_blank\" rel=\"noopener\">Calendar estimativ de lansare a sesiunilor<\/a><\/p>\n<p>Arh\u00edvum<\/p>\n","protected":false},"excerpt":{"rendered":"<p>Aktu\u00e1lis Calendar estimativ de lansare a sesiunilor 2026 &#8211; modificat Calendar estimativ de lansare a sesiunilor &#8211; 2026 Calendar estimativ de lansare a sesiunilor &#8211; actualizat Calendar estimativ de lansare a sesiunilor Arh\u00edvum<\/p>\n","protected":false},"author":1,"featured_media":0,"parent":0,"menu_order":0,"comment_status":"closed","ping_status":"closed","template":"","meta":{"ngg_post_thumbnail":0,"footnotes":""},"class_list":["post-1179","page","type-page","status-publish","hentry"],"aioseo_notices":[],"_links":{"self":[{"href":"https:\/\/www.angustia.ro\/leader\/wp-json\/wp\/v2\/pages\/1179"}],"collection":[{"href":"https:\/\/www.angustia.ro\/leader\/wp-json\/wp\/v2\/pages"}],"about":[{"href":"https:\/\/www.angustia.ro\/leader\/wp-json\/wp\/v2\/types\/page"}],"author":[{"embeddable":true,"href":"https:\/\/www.angustia.ro\/leader\/wp-json\/wp\/v2\/users\/1"}],"replies":[{"embeddable":true,"href":"https:\/\/www.angustia.ro\/leader\/wp-json\/wp\/v2\/comments?post=1179"}],"version-history":[{"count":55,"href":"https:\/\/www.angustia.ro\/leader\/wp-json\/wp\/v2\/pages\/1179\/revisions"}],"predecessor-version":[{"id":3221,"href":"https:\/\/www.angustia.ro\/leader\/wp-json\/wp\/v2\/pages\/1179\/revisions\/3221"}],"wp:attachment":[{"href":"https:\/\/www.angustia.ro\/leader\/wp-json\/wp\/v2\/media?parent=1179"}],"curies":[{"name":"wp","href":"https:\/\/api.w.org\/{rel}","templated":true}]}}