{"id":532,"date":"2015-10-12T11:01:14","date_gmt":"2015-10-12T11:01:14","guid":{"rendered":"http:\/\/www.angustia.ro\/leader\/hu\/?page_id=532"},"modified":"2017-05-10T06:06:07","modified_gmt":"2017-05-10T06:06:07","slug":"palyazati-kiirasok","status":"publish","type":"page","link":"https:\/\/www.angustia.ro\/leader\/palyazati-kiirasok\/","title":{"rendered":"P\u00e1ly\u00e1zati ki\u00edr\u00e1sok"},"content":{"rendered":"<p>Jelenleg nincs akt\u00edv p\u00e1ly\u00e1zati ki\u00edr\u00e1s!<\/p>\n","protected":false},"excerpt":{"rendered":"<p>Jelenleg nincs akt\u00edv p\u00e1ly\u00e1zati ki\u00edr\u00e1s!<\/p>\n","protected":false},"author":1,"featured_media":0,"parent":0,"menu_order":0,"comment_status":"open","ping_status":"open","template":"page-apeluri-proiecte.php","meta":{"ngg_post_thumbnail":0,"footnotes":""},"class_list":["post-532","page","type-page","status-publish","hentry"],"aioseo_notices":[],"_links":{"self":[{"href":"https:\/\/www.angustia.ro\/leader\/wp-json\/wp\/v2\/pages\/532"}],"collection":[{"href":"https:\/\/www.angustia.ro\/leader\/wp-json\/wp\/v2\/pages"}],"about":[{"href":"https:\/\/www.angustia.ro\/leader\/wp-json\/wp\/v2\/types\/page"}],"author":[{"embeddable":true,"href":"https:\/\/www.angustia.ro\/leader\/wp-json\/wp\/v2\/users\/1"}],"replies":[{"embeddable":true,"href":"https:\/\/www.angustia.ro\/leader\/wp-json\/wp\/v2\/comments?post=532"}],"version-history":[{"count":5,"href":"https:\/\/www.angustia.ro\/leader\/wp-json\/wp\/v2\/pages\/532\/revisions"}],"predecessor-version":[{"id":1127,"href":"https:\/\/www.angustia.ro\/leader\/wp-json\/wp\/v2\/pages\/532\/revisions\/1127"}],"wp:attachment":[{"href":"https:\/\/www.angustia.ro\/leader\/wp-json\/wp\/v2\/media?parent=532"}],"curies":[{"name":"wp","href":"https:\/\/api.w.org\/{rel}","templated":true}]}}