{"id":534,"date":"2015-10-12T11:05:29","date_gmt":"2015-10-12T11:05:29","guid":{"rendered":"http:\/\/www.angustia.ro\/leader\/hu\/?page_id=534"},"modified":"2024-10-15T11:07:14","modified_gmt":"2024-10-15T11:07:14","slug":"kapcsolat","status":"publish","type":"page","link":"https:\/\/www.angustia.ro\/leader\/kapcsolat\/","title":{"rendered":"Kapcsolat"},"content":{"rendered":"<div class=\"contact-page\">\n<div class=\"contact-info\">\n<p><strong>Sz\u00e9khelyc\u00edm:<\/strong><\/p>\n<p>Esztelnek,&nbsp;Kov\u00e1szna megye<br \/>\nF\u0151 \u00fat 167.&nbsp;sz\u00e1m<br \/>\nPostai ir\u00e1ny\u00edt\u00f3sz\u00e1m: 527143<\/p>\n<p>&nbsp;<\/p>\n<div class=\"contact-line\">&nbsp;<\/div>\n<p>E-mail: galangustia@gmail.com<br \/>\nfacebook.com\/angustia.ro<\/p>\n<\/div>\n<div class=\"contact-rapid\">\n<div class=\"wpcf7 no-js\" id=\"wpcf7-f609-o1\" lang=\"hu-HU\" dir=\"ltr\" data-wpcf7-id=\"609\">\n<div class=\"screen-reader-response\"><p role=\"status\" aria-live=\"polite\" aria-atomic=\"true\"><\/p> <ul><\/ul><\/div>\n<form action=\"\/leader\/wp-json\/wp\/v2\/pages\/534#wpcf7-f609-o1\" method=\"post\" class=\"wpcf7-form init\" aria-label=\"Kapcsolatfelv\u00e9teli \u0171rlap\" novalidate=\"novalidate\" data-status=\"init\">\n<div style=\"display: none;\">\n<input type=\"hidden\" name=\"_wpcf7\" value=\"609\" \/>\n<input type=\"hidden\" name=\"_wpcf7_version\" value=\"6.0.6\" \/>\n<input type=\"hidden\" name=\"_wpcf7_locale\" value=\"hu_HU\" \/>\n<input type=\"hidden\" name=\"_wpcf7_unit_tag\" value=\"wpcf7-f609-o1\" \/>\n<input type=\"hidden\" name=\"_wpcf7_container_post\" value=\"0\" \/>\n<input type=\"hidden\" name=\"_wpcf7_posted_data_hash\" value=\"\" \/>\n<\/div>\n<div class=\"side-by-side\">\n\t<p><span class=\"wpcf7-form-control-wrap\" data-name=\"your-name\"><input size=\"40\" maxlength=\"400\" class=\"wpcf7-form-control wpcf7-text\" aria-invalid=\"false\" placeholder=\"N\u00e9v *\" value=\"\" type=\"text\" name=\"your-name\" \/><\/span><span class=\"wpcf7-form-control-wrap\" data-name=\"your-email\"><input size=\"40\" maxlength=\"400\" class=\"wpcf7-form-control wpcf7-email wpcf7-validates-as-required wpcf7-text wpcf7-validates-as-email\" aria-required=\"true\" aria-invalid=\"false\" placeholder=\"Email c\u00edm *\" value=\"\" type=\"email\" name=\"your-email\" \/><\/span>\n\t<\/p>\n\t<div class=\"clear\">\n\t<\/div>\n<\/div>\n<p><span class=\"wpcf7-form-control-wrap\" data-name=\"your-message\"><textarea cols=\"40\" rows=\"10\" maxlength=\"2000\" class=\"wpcf7-form-control wpcf7-textarea\" aria-invalid=\"false\" name=\"your-message\"><\/textarea><\/span><input class=\"wpcf7-form-control wpcf7-submit has-spinner\" type=\"submit\" value=\"K\u00fcld\u00e9s\" \/>\n<\/p><div class=\"wpcf7-response-output\" aria-hidden=\"true\"><\/div>\n<\/form>\n<\/div>\n<\/div>\n<div class=\"clear\">&nbsp;<\/div>\n<div class=\"echipa-angustia\">\n<h2>Az Angustia Egyes\u00fclet Csapata<\/h2>\n<div class=\"membri\">\n<p><img loading=\"lazy\" decoding=\"async\" class=\"alignnone\" title=\"Cseh Csaba - Eln\u00f6k\" src=\"https:\/\/www.angustia.ro\/leader\/wp-content\/uploads\/2022\/06\/Cseh-Csaba.jpg\" alt=\"Cseh Csaba - Eln\u00f6k\" width=\"174\" height=\"174\"><\/p>\n<p><strong>Cseh Csaba<\/strong><\/p>\n<p>Egyes\u00fclet eln\u00f6ke<br \/>\n&nbsp;<\/p>\n<p>Tel: +40744596011<\/p>\n<\/div>\n<div class=\"membri\">\n<p><img decoding=\"async\" title=\" Varga Attila - T\u00f6rv\u00e9nyes k\u00e9pvisel\u0151 - Projekt manager\" src=\"https:\/\/www.angustia.ro\/leader\/wp-content\/uploads\/2022\/06\/Varga-Attila.jpg\" alt=\"Varga Attila - T\u00f6rv\u00e9nyes k\u00e9pvisel\u0151 - Projekt manager\"><\/p>\n<p><strong>Varga Attila<\/strong><\/p>\n<p>Projektmanager- jogi k\u00e9pvisel\u0151<\/p>\n<p>&nbsp;<\/p>\n<p>Tel: +40741048998<\/p>\n<\/div>\n<div class=\"membri\">\n<p><img decoding=\"async\" title=\"Babos M\u00e1th\u00e9 Botond - P\u00e1ly\u00e1zatok ut\u00e1nk\u00f6vet\u00e9se\" src=\"http:\/\/angustia.ro\/wp-content\/uploads\/2015\/08\/babos_botond.png\" alt=\"Babos M\u00e1th\u00e9 Botond - P\u00e1ly\u00e1zatok ut\u00e1nk\u00f6vet\u00e9se\"><\/p>\n<p><strong>Babos M\u00e1th\u00e9 Botond<\/strong><\/p>\n<p>P\u00e1ly\u00e1zatok ut\u00f3k\u00f6vet\u00e9se<br \/>\n&nbsp;<\/p>\n<p>Tel: +40741064103<\/p>\n<\/div>\n<div class=\"membri\">\n<p><img decoding=\"async\" title=\"Marthi Jen\u0151 - P\u00e1ly\u00e1zatok ellen\u0151rz\u00e9se , elb\u00edr\u00e1l\u00e1s \u00e9s kiv\u00e1laszt\u00e1sa\" src=\"http:\/\/angustia.ro\/wp-content\/uploads\/2015\/08\/marthi_jeno.png\" alt=\"Marthi Jen\u0151 - P\u00e1ly\u00e1zatok ellen\u0151rz\u00e9se , elb\u00edr\u00e1l\u00e1s \u00e9s kiv\u00e1laszt\u00e1sa\"><\/p>\n<p><strong>Marthi Jen\u0151<\/strong><\/p>\n<p>P\u00e1ly\u00e1zatok ellen\u0151rz\u00e9se \u00e9s elb\u00edr\u00e1l\u00e1sa<\/p>\n<p>&nbsp;<\/p>\n<p>Tel: +40741050024<\/p>\n<\/div>\n<div class=\"membri\">\n<p><img decoding=\"async\" title=\"M\u00e1ty\u00e1s J\u00falia Katalin - K\u00f6z\u00f6ss\u00e9gi anim\u00e1tor\" src=\"http:\/\/angustia.ro\/wp-content\/uploads\/2015\/08\/matyas_julia_katalin.png\" alt=\"M\u00e1ty\u00e1s J\u00falia-Katalin - K\u00f6z\u00f6ss\u00e9gi anim\u00e1tor\"><\/p>\n<p><strong>M\u00e1ty\u00e1s J\u00falia-Katalin<\/strong><\/p>\n<p>K\u00f6z\u00f6ss\u00e9gi anim\u00e1tor<br \/>\n&nbsp;<\/p>\n<p>Tel: +40741065766<\/p>\n<\/div>\n<\/div>\n<\/div>\n","protected":false},"excerpt":{"rendered":"<p>Sz\u00e9khelyc\u00edm: Esztelnek,&nbsp;Kov\u00e1szna megye F\u0151 \u00fat 167.&nbsp;sz\u00e1m Postai ir\u00e1ny\u00edt\u00f3sz\u00e1m: 527143 &nbsp; &nbsp; E-mail: galangustia@gmail.com facebook.com\/angustia.ro &nbsp; Az Angustia Egyes\u00fclet Csapata Cseh Csaba Egyes\u00fclet eln\u00f6ke &nbsp; Tel: +40744596011 Varga Attila Projektmanager- jogi k\u00e9pvisel\u0151 &nbsp; Tel: +40741048998 Babos M\u00e1th\u00e9 Botond P\u00e1ly\u00e1zatok ut\u00f3k\u00f6vet\u00e9se &nbsp; Tel: +40741064103 Marthi Jen\u0151 P\u00e1ly\u00e1zatok ellen\u0151rz\u00e9se \u00e9s elb\u00edr\u00e1l\u00e1sa &nbsp; Tel: +40741050024 M\u00e1ty\u00e1s J\u00falia-Katalin K\u00f6z\u00f6ss\u00e9gi anim\u00e1tor [&hellip;]<\/p>\n","protected":false},"author":1,"featured_media":0,"parent":0,"menu_order":0,"comment_status":"open","ping_status":"open","template":"contact-template.php","meta":{"ngg_post_thumbnail":0,"footnotes":""},"class_list":["post-534","page","type-page","status-publish","hentry"],"aioseo_notices":[],"_links":{"self":[{"href":"https:\/\/www.angustia.ro\/leader\/wp-json\/wp\/v2\/pages\/534"}],"collection":[{"href":"https:\/\/www.angustia.ro\/leader\/wp-json\/wp\/v2\/pages"}],"about":[{"href":"https:\/\/www.angustia.ro\/leader\/wp-json\/wp\/v2\/types\/page"}],"author":[{"embeddable":true,"href":"https:\/\/www.angustia.ro\/leader\/wp-json\/wp\/v2\/users\/1"}],"replies":[{"embeddable":true,"href":"https:\/\/www.angustia.ro\/leader\/wp-json\/wp\/v2\/comments?post=534"}],"version-history":[{"count":20,"href":"https:\/\/www.angustia.ro\/leader\/wp-json\/wp\/v2\/pages\/534\/revisions"}],"predecessor-version":[{"id":2771,"href":"https:\/\/www.angustia.ro\/leader\/wp-json\/wp\/v2\/pages\/534\/revisions\/2771"}],"wp:attachment":[{"href":"https:\/\/www.angustia.ro\/leader\/wp-json\/wp\/v2\/media?parent=534"}],"curies":[{"name":"wp","href":"https:\/\/api.w.org\/{rel}","templated":true}]}}