{"id":1186,"date":"2017-06-15T08:15:00","date_gmt":"2017-06-15T08:15:00","guid":{"rendered":"http:\/\/www.angustia.ro\/?page_id=1186\/"},"modified":"2025-02-04T12:10:01","modified_gmt":"2025-02-04T12:10:01","slug":"calendar-de-lansare","status":"publish","type":"page","link":"https:\/\/www.angustia.ro\/ro\/calendar-de-lansare\/","title":{"rendered":"Calendar de lansare"},"content":{"rendered":"<p>Actual<\/p>\n<p><a href=\"https:\/\/www.angustia.ro\/wp-content\/uploads\/2025\/02\/calendar-lansare-04022025.pdf\" target=\"_blank\" rel=\"noopener\">Calendar de lansare 2025 publicat in data de 04.02.2025<\/a><\/p>\n<p><a href=\"https:\/\/www.angustia.ro\/wp-content\/uploads\/2024\/10\/calendar-2024-feadr.pdf\" target=\"_blank\" rel=\"noopener\">Calendar de lansare 2024 \u2013 Publicat in data de 14.10.2024- FOND FEADR<\/a><\/p>\n<p><a href=\"https:\/\/www.angustia.ro\/wp-content\/uploads\/2024\/10\/calendar-m2.2-euri-oct.pdf\" target=\"_blank\" rel=\"noopener\">Calendar de lansare 2024 \u2013 Publicat in data de 14.10.2024-M 2.2 Fond Euri<\/a><\/p>\n<p><a href=\"https:\/\/www.angustia.ro\/wp-content\/uploads\/2024\/07\/calendar-m2.2-euri-iul.pdf\" target=\"_blank\" rel=\"noopener\">Calendar de lansare 2024 \u2013 Publicat in data de 08.07.2024-M 2.2 Fond Euri<\/a><\/p>\n<p><a href=\"https:\/\/www.angustia.ro\/wp-content\/uploads\/2024\/07\/Calendar-de-lansare-apeluriM-2.1.pdf\" target=\"_blank\" rel=\"noopener\">Calendar de lansare 2024 \u2013 Publicat in data de 08.07.2024-M 2.1<\/a><\/p>\n<p><a href=\"https:\/\/www.angustia.ro\/wp-content\/uploads\/2024\/03\/calendar-euri-07032024.pdf\" target=\"_blank\" rel=\"noopener\">Calendar de lansare 2024 &#8211; Publicat in data de 07.03.2024<\/a><\/p>\n<p><a href=\"https:\/\/www.angustia.ro\/wp-content\/uploads\/2023\/07\/calendar-2023.pdf\" target=\"_blank\" rel=\"noopener\">Calendar de lansare 2023 \u2013 Publicat in data de 12.07.2023.<\/a><\/p>\n<p><a href=\"https:\/\/www.angustia.ro\/wp-content\/uploads\/2023\/02\/calendar-2023.pdf\" target=\"_blank\" rel=\"noopener noreferrer\">Calendar de lansare 2023 \u2013 Publicat in data de 20.02.2023.- Fond FEADR si M 2.2<\/a><\/p>\n<p><a href=\"https:\/\/www.angustia.ro\/wp-content\/uploads\/2023\/06\/calendar-2023.pdf\" target=\"_blank\" rel=\"noopener\">Calendar de lansare 2023 \u2013 Publicat in data de 21.06.2023.- M 1.1<\/a><\/p>\n<p><a href=\"https:\/\/www.angustia.ro\/wp-content\/uploads\/2023\/06\/calendar-m2.2-euri.pdf\" target=\"_blank\" rel=\"noopener\">Calendar de lansare 2023 \u2013 Publicat in data de 22.06.2023.- Fond EURI <\/a><\/p>\n<p>Arhiv\u0103<\/p>\n<p><a href=\"https:\/\/www.angustia.ro\/wp-content\/uploads\/2022\/12\/calendar-m2.2-euri.pdf\" target=\"_blank\" rel=\"noopener noreferrer\">Calendar de lansare 2022 \u2013 Publicat in data de 09.09.2022.- Fond EURI<\/a><\/p>\n<p><a href=\"https:\/\/www.angustia.ro\/wp-content\/uploads\/2022\/12\/calendar-m2.2-m1.1.pdf\" target=\"_blank\" rel=\"noopener noreferrer\">Calendar de lansare 2022 \u2013 Publicat in data de 09.09.2022.- Fond FEADR si M 1.1<\/a><\/p>\n<p><a href=\"https:\/\/www.angustia.ro\/wp-content\/uploads\/2021\/12\/Calendar-de-lansare-apeluri-2021.pdf\" target=\"_blank\" rel=\"noopener noreferrer\">Calendar de lansare 2021 \u2013 Publicat in data de 02.12.2021.<\/a><\/p>\n<p><a href=\"https:\/\/www.angustia.ro\/wp-content\/uploads\/2020\/12\/calendar-de-lansare-M2.5.pdf\" target=\"_blank\" rel=\"noopener noreferrer\">Calendar de lansare 2020 \u2013 Publicat in data de 03.12.2020.<\/a><\/p>\n<p><a href=\"https:\/\/www.angustia.ro\/wp-content\/uploads\/2020\/05\/calendar-de-lansare-mai-2020.pdf\" target=\"_blank\" rel=\"noopener noreferrer\">Calendar de lansare 2020 &#8211; Publicat in data de 18.05.2020.<\/a><\/p>\n<p><a href=\"https:\/\/www.angustia.ro\/wp-content\/uploads\/2020\/01\/Calendar-2020.pdf\" target=\"_blank\" rel=\"noopener noreferrer\">Calendar de lansare 2020 &#8211; Publicat in data de 28.01.2020<\/a><\/p>\n<p><a href=\"https:\/\/www.angustia.ro\/wp-content\/uploads\/2019\/10\/Calendar-de-lansare-2019-okt\u00f3ber-25.pdf\" target=\"_blank\" rel=\"noopener noreferrer\">Calendar de lansare 2019 &#8211; Publicat in data de 2019.10.25.<\/a><\/p>\n<p><a href=\"https:\/\/www.angustia.ro\/wp-content\/uploads\/2019\/06\/calendar-actual.pdf\" target=\"_blank\" rel=\"noopener noreferrer\">Calendar de lansare &#8211; 14.05.2019<\/a><\/p>\n<p><a href=\"http:\/\/www.angustia.ro\/wp-content\/uploads\/2019\/03\/Calendar-2019-1.pdf\" target=\"_blank\" rel=\"noopener noreferrer\">Calendar de lansare &#8211; 22.03.2019<\/a><\/p>\n<p><a href=\"http:\/\/www.angustia.ro\/wp-content\/uploads\/2019\/03\/Calendar-2019.pdf\" target=\"_blank\" rel=\"noopener noreferrer\">Calendar de lansare 2019 &#8211; 07.03.2019<\/a><\/p>\n<p><a href=\"http:\/\/www.angustia.ro\/wp-content\/uploads\/2018\/05\/Calendar-22.05.2018.pdf\" target=\"_blank\" rel=\"noopener noreferrer\">Calendar de lansare &#8211; 22 Mai 2018<\/a><\/p>\n<p><a href=\"http:\/\/www.angustia.ro\/wp-content\/uploads\/2018\/05\/Calendar-sesiuni-03.05.2018.pdf\" target=\"_blank\" rel=\"noopener noreferrer\">Calendar lansare &#8211; 03 Apr 2018<\/a><\/p>\n<p><a href=\"http:\/\/www.angustia.ro\/wp-content\/uploads\/2017\/06\/Calendar-de-lansare-13-Martie-2018.pdf\" target=\"_blank\" rel=\"noopener noreferrer\">Calendar lansare &#8211; 13 Mart 2018<\/a><\/p>\n<p><a href=\"http:\/\/www.angustia.ro\/wp-content\/uploads\/2017\/06\/P\u00e1ly\u00e1ztat\u00e1si-napt\u00e1r-2018-M\u00e1rcius-8.pdf\" target=\"_blank\" rel=\"noopener noreferrer\">Calendar lansare &#8211; 08 Mart 2018<\/a><\/p>\n<p><a href=\"http:\/\/www.angustia.ro\/wp-content\/uploads\/2017\/06\/Calendar-lansare-Noiembrie-2017.pdf\" target=\"_blank\" rel=\"noopener noreferrer\">Calendar lansare &#8211; 15.11.2017<\/a><\/p>\n<p><a href=\"http:\/\/www.angustia.ro\/wp-content\/uploads\/2017\/06\/Calendar-de-lansare-29.09.2017.pdf\" target=\"_blank\" rel=\"noopener noreferrer\">Calendar de lansare &#8211; 29.09.2017<\/a><\/p>\n<p><a href=\"http:\/\/www.angustia.ro\/wp-content\/uploads\/2017\/06\/Calendar-de-lansare-21.09.2017.pdf\" target=\"_blank\" rel=\"noopener noreferrer\">Calendar de lansare &#8211; 21.09.2017<\/a><\/p>\n<p><a href=\"http:\/\/www.angustia.ro\/wp-content\/uploads\/2017\/06\/Calendar-de-lansare-17.08.2017.pdf\" target=\"_blank\" rel=\"noopener noreferrer\">Calendar de lansare &#8211; 17.08.2017<\/a><\/p>\n<p><a href=\"http:\/\/www.angustia.ro\/wp-content\/uploads\/2017\/06\/Calendar-de-lansare-31.07.2017.pdf\" target=\"_blank\" rel=\"noopener noreferrer\">Calendar de lansare &#8211; 31.07.2017<\/a><\/p>\n<p><a href=\"http:\/\/www.angustia.ro\/wp-content\/uploads\/2017\/06\/Calendar-de-lansare-2017-22-Iunie.pdf\" target=\"_blank\" rel=\"noopener noreferrer\">Calendar de lansare 2017 &#8211; 22 Iunie<\/a><\/p>\n<p><a href=\"http:\/\/www.angustia.ro\/wp-content\/uploads\/2017\/05\/Calendar-de-lansare-2017.pdf\" target=\"_blank\" rel=\"noopener noreferrer\">Calendar de lansare 2017 &#8211; Iunie<\/a><\/p>\n<p><a href=\"http:\/\/www.angustia.ro\/wp-content\/uploads\/2017\/06\/Calendar-de-lansare-2017-mai.pdf017 mai\" target=\"_blank\" rel=\"noopener noreferrer\">Calendar de lansare 2017 &#8211; Mai<\/a><\/p>\n","protected":false},"excerpt":{"rendered":"<p>Actual Calendar de lansare 2025 publicat in data de 04.02.2025 Calendar de lansare 2024 \u2013 Publicat in data de 14.10.2024- FOND FEADR Calendar de lansare 2024 \u2013 Publicat in data de 14.10.2024-M 2.2 Fond Euri Calendar de lansare 2024 \u2013 Publicat in data de 08.07.2024-M 2.2 Fond Euri Calendar de lansare 2024 \u2013 Publicat in [&hellip;]<\/p>\n","protected":false},"author":1,"featured_media":0,"parent":0,"menu_order":0,"comment_status":"closed","ping_status":"closed","template":"","meta":{"ngg_post_thumbnail":0,"footnotes":""},"class_list":["post-1186","page","type-page","status-publish","hentry"],"aioseo_notices":[],"_links":{"self":[{"href":"https:\/\/www.angustia.ro\/ro\/wp-json\/wp\/v2\/pages\/1186\/"}],"collection":[{"href":"https:\/\/www.angustia.ro\/ro\/wp-json\/wp\/v2\/pages\/"}],"about":[{"href":"https:\/\/www.angustia.ro\/ro\/wp-json\/wp\/v2\/types\/page\/"}],"author":[{"embeddable":true,"href":"https:\/\/www.angustia.ro\/ro\/wp-json\/wp\/v2\/users\/1\/"}],"replies":[{"embeddable":true,"href":"https:\/\/www.angustia.ro\/ro\/wp-json\/wp\/v2\/comments\/?post=1186"}],"version-history":[{"count":49,"href":"https:\/\/www.angustia.ro\/ro\/wp-json\/wp\/v2\/pages\/1186\/revisions\/"}],"predecessor-version":[{"id":2807,"href":"https:\/\/www.angustia.ro\/ro\/wp-json\/wp\/v2\/pages\/1186\/revisions\/2807\/"}],"wp:attachment":[{"href":"https:\/\/www.angustia.ro\/ro\/wp-json\/wp\/v2\/media\/?parent=1186"}],"curies":[{"name":"wp","href":"https:\/\/api.w.org\/{rel}","templated":true}]}}