{"id":42,"date":"2015-05-07T15:52:31","date_gmt":"2015-05-07T15:52:31","guid":{"rendered":"http:\/\/angustia.ro\/?page_id=42"},"modified":"2015-08-18T08:03:53","modified_gmt":"2015-08-18T08:03:53","slug":"localitati-componente","status":"publish","type":"page","link":"https:\/\/www.angustia.ro\/ro\/localitati-componente\/","title":{"rendered":"Localitati Componente"},"content":{"rendered":"<p><strong>Catalina<\/strong><br \/>\nComuna Catalina se a\u015feaza langa ora\u015ful Targu Secuiesc din partea dreapta al raului Negru. Comuna a fost denumit despre patronul biserica medievala Sfanta Catalina.<\/p>\n<p><strong>Zabala<\/strong><br \/>\nZabala este un sat in partea de est a judetului Covasna, in Depresiunea Targu Secuiesc. Resedinta comunei Zabala.<br \/>\nNumele Comunei vine din substantivul Zabla.<\/p>\n<p><strong>Ojdula<\/strong><br \/>\nOjdula este un sat in partea de est a judetului Covasna la poalele vestice ale muntilor Vrancei.<br \/>\nDupa explica\u0163ia tradi\u0163iei populara comuna a fost denumit, dupa numele mo\u015fiei unui Secui.<\/p>\n<p><strong>Ghelinta<\/strong><br \/>\nGhelinta este o comuna din judetul Covasna. Cuprinde 2 sate: Ghelinta (resedinta) si Harale, satul dogarilor. in trecut, pe teritoriul comunei se exploata petrol.<br \/>\nNumele Comunei vine din cuvantul Coloana.<\/p>\n<p><strong>Turia<\/strong><br \/>\nLocalitatea Turia este situata pe valea paraului cu acelasi nume, la o altitudine de 595 m. in partea anterioara a muntilor Bodoc, Ciomat si Turiei, pe drumul judetean 113, Targu Secuiesc &#8211; Bixad.<\/p>\n<p><strong>Cernat<\/strong><br \/>\nCernat este o comuna in judetul Covasna. Cuprinde 3 sate: Cernat (resedinta), Albis, Icafalau.<\/p>\n<p><strong>Sanzieni<\/strong><br \/>\nSanzieni este un sat in Depresiunea Targu Secuiesc, pe valea Casinului. Este resedinta comunei Sanzieni.<br \/>\nActivitatea de baza a locuitorilor acestui sat este agricultura (cultivarea cartofului si cerealelor) si cresterea animalelor. Un rol important in economia acestei localitati il au si exploatarea si prelucrarea primara a lemnului, moraritul, panificatia si comertul.<\/p>\n<p><strong>Poian<\/strong><br \/>\nLocalitatea Poian este situata in partea nord-estica a judetului, la poalele Muntilor Bodoc, pe Drumul Judetean 114, Targu Secuiesc-Lemnia.<br \/>\nActivitatea de baza a acestei localitati este agricultura (cultivarea cerealelor, cartofului), cresterea animalelor dar si cioplitul pietrei, o indeletnicire mai veche a mesterilor locali.<\/p>\n<p><strong>Bretcu<\/strong><br \/>\nBretcu este un sat in partea de est a judetului Covasna, in Depresiunea Targu Secuiesc, pe valea omonima. Apartine de comuna Bretcu.<br \/>\nEconomia localitatii se bazeaza pe industria de confectii, industria de exploatare si prelucrarea primara a lemnului, pe activitatea comerciala, dar si pe agricultura si cresterea animalelor.<\/p>\n<p><strong>Lemnia<\/strong><br \/>\nLocalitatea Lemnia este situata in nordul judetului, pe cursul inferior al paraului cu acelasi nume, in partea sudica a Muntilor Nemira, pe DN11, Brasov &#8211; Targu Secuiesc &#8211; Bacau.<br \/>\nEconomia localitatii se axeaza pe industria de confectii, industria alimentara (abator de prelucrare a carnii), exploatarea si prelucrarea primara a lemnului dar in principal pe agricultura si cresterea animalelor.<\/p>\n<p><strong>Mereni<\/strong><br \/>\nMereni este o comuna in judetul Covasna. S-a desprins in 2004 din comuna Lemnia. Cuprinde 2 sate: Mereni (resedinta) si Lutoasa.<\/p>\n<p><strong>Estelnic<\/strong><br \/>\nEstelnic este o a\u015fezare care se situeaza in partea nord-estica al fostului scaun secuiesc \u201eKezdi\u201d \u015fi al jude\u0163ului Covasna de azi, la poalele Carpa\u0163ilor Orientali, partea de jos intinzandu-se intr-o campie joasa, iar cea de sus intr-o vale paduroasa ingusta.<\/p>\n","protected":false},"excerpt":{"rendered":"<p>Catalina Comuna Catalina se a\u015feaza langa ora\u015ful Targu Secuiesc din partea dreapta al raului Negru. Comuna a fost denumit despre patronul biserica medievala Sfanta Catalina. Zabala Zabala este un sat in partea de est a judetului Covasna, in Depresiunea Targu Secuiesc. Resedinta comunei Zabala. Numele Comunei vine din substantivul Zabla. Ojdula Ojdula este un sat [&hellip;]<\/p>\n","protected":false},"author":1,"featured_media":0,"parent":0,"menu_order":0,"comment_status":"open","ping_status":"open","template":"","meta":{"ngg_post_thumbnail":0,"footnotes":""},"class_list":["post-42","page","type-page","status-publish","hentry"],"aioseo_notices":[],"_links":{"self":[{"href":"https:\/\/www.angustia.ro\/ro\/wp-json\/wp\/v2\/pages\/42\/"}],"collection":[{"href":"https:\/\/www.angustia.ro\/ro\/wp-json\/wp\/v2\/pages\/"}],"about":[{"href":"https:\/\/www.angustia.ro\/ro\/wp-json\/wp\/v2\/types\/page\/"}],"author":[{"embeddable":true,"href":"https:\/\/www.angustia.ro\/ro\/wp-json\/wp\/v2\/users\/1\/"}],"replies":[{"embeddable":true,"href":"https:\/\/www.angustia.ro\/ro\/wp-json\/wp\/v2\/comments\/?post=42"}],"version-history":[{"count":4,"href":"https:\/\/www.angustia.ro\/ro\/wp-json\/wp\/v2\/pages\/42\/revisions\/"}],"predecessor-version":[{"id":102,"href":"https:\/\/www.angustia.ro\/ro\/wp-json\/wp\/v2\/pages\/42\/revisions\/102\/"}],"wp:attachment":[{"href":"https:\/\/www.angustia.ro\/ro\/wp-json\/wp\/v2\/media\/?parent=42"}],"curies":[{"name":"wp","href":"https:\/\/api.w.org\/{rel}","templated":true}]}}